{"id":3019,"date":"2015-12-26T00:21:31","date_gmt":"2015-12-25T23:21:31","guid":{"rendered":"http:\/\/blog.zeta-verein.de\/en\/?page_id=3019"},"modified":"2015-12-26T00:21:31","modified_gmt":"2015-12-25T23:21:31","slug":"about-this-blog","status":"publish","type":"page","link":"https:\/\/blog.zeta-verein.de\/en\/about-this-blog\/","title":{"rendered":"About this blog"},"content":{"rendered":"<p><span id=\"result_box\" class=\"\" lang=\"en\"><span title=\"Herzlich willkommen auf dem Blog des ZETA-Vereins!\n\n\"><strong>Welcome to the blog of the ZETA-Association !<\/strong><\/p>\n<p><\/span><span title=\"Dieses Blog stellt eine Erg\u00e4nzung zur Homepage des ZETA-Vereins dar. Hierhin sollen Statementes des Vereins zu aktuellen Ereignissen ausgegliedert werden, damit die Homepage nicht dauerhaft an \u00dcbersichtlichkeit verliert.\n\n\">This blog is a supplement to the homepage of the ZETA-association. Statementes here of the association are to be outsourced to current events, so that the website does not permanently lose its clarity.<\/p>\n<p><\/span><span title=\"Grunds\u00e4tzlich steht es jedem ZETA-Vereinsmitglied frei, sich bei diesem Blog mit einem eigenen Account zu registrieren und seine pers\u00f6nliche Sichtweise zu aktuellen Themen darzulegen.\">Basically, it is up to each ZETA club member, to register with this blog with its own account and expound his personal views on current issues. <\/span><span title=\"In diesem Zusammehang m\u00f6chten wir ausdr\u00fccklich darauf hinweisen, dass diese Meinung durchaus auch ein wenig emotional ausfallen kann, solange sie nat\u00fcrlich eine gewisse Grenze nicht \u00fcberschreitet.\">Such a demonstration, we would like to point out that this opinion quite well may turn out a little emotional, as long as it naturally does not exceed a certain limit. <\/span><span title=\"Dar\u00fcber hinaus ist es nat\u00fcrlich ebenfalls m\u00f6glich, dass das einzelne Statement eines Mitglieds nicht immer g\u00e4nzlich mit der Meinung des Vereinsvorstandes und\/oder anderer Mitglieder konform geht.\n\">Moreover, it is of course also possible that the individual statement of a member with the opinion of the Association Board and \/ or other members is not always entirely compliant.<br \/>\n<\/span><span title=\"Unter dem Strich soll dieses Blog dem Leser die M\u00f6glichkeit bieten, die einzelnen Personen hinter dem Verein n\u00e4her kennenzulernen und dabei mehr \u00fcber ihre individuellen Einstellungen und Ziele zu erfahren.\n\n\">The bottom line of this blog is to offer the reader the opportunity behind the club know each person closer and to learn more about their individual attitudes and goals.<\/p>\n<p><\/span><span title=\"Falls Sie beim Lesen auf ein Thema sto\u00dfen, zu dem auch Sie etwas beitragen m\u00f6chten, dann sind Sie an dieser Stelle herzlich dazu eingeladen, unsere Artikel zu kommentieren.\">If you encounter while reading on a topic on which you would like to contribute something, then you are invited to take this opportunity sincerely to comment on our products. <\/span><span title=\"Jedoch m\u00f6chten wir Sie freundlich darum bitten, sich dabei an die g\u00e4ngige Netiquette zu halten.\">However, we kindly ask you about themselves while keeping the common netiquette. <\/span><span title=\"Selbstverst\u00e4ndlich sind wir jederzeit bereit, auch sachliche Kritik anzunehmen.\">Of course, we are always ready to accept and objective criticism. <\/span><span title=\"Pers\u00f6nliche Anfeindungen hingegen sind einem Dialog wenig f\u00f6rderlich.\">Personal hostility, however, are a little dialogue conducive. <\/span><span title=\"Bitte sehen Sie au\u00dferdem davon ab, bei Ihren Kommentaren unn\u00f6tig vom Thema abzulenken.\">Please also refrain from unnecessarily divert from the topic in your comments. <\/span><span title=\"N\u00f6tigenfalls werden weshalb wir davon absehen m\u00fcssen, entsprechende Passagen Ihrer Texte (in diesem Falle selbstverst\u00e4ndlich mit entsprechendem Hinweis) bzw. den ganzen Kommentar zu entfernen.\">If necessary, be why we must refrain from (of course, in this case with a corresponding warning) to remove relevant passages of your text or the entire comment.<\/span><span title=\"Unsere volst\u00e4ndigen Benimmregeln finden Sie hier.\n\n\"><\/p>\n<p><\/span><span title=\"Wir freuen uns \u00fcber Ihren Besuch und w\u00fcnschen Ihnen viel Spa\u00df beim Lesen!\">We look forward to your visit and wish you an enjoyable read!<\/span><\/span><\/p>\n","protected":false},"excerpt":{"rendered":"<div class=\"mh-excerpt\"><p>Welcome to the blog of the ZETA-Association ! This blog is a supplement to the homepage of the ZETA-association. Statementes here of the association are to be outsourced to current events, so that the website <a class=\"mh-excerpt-more\" href=\"https:\/\/blog.zeta-verein.de\/en\/about-this-blog\/\" title=\"About this blog\">[&#8230;]<\/a><\/p>\n<\/div>","protected":false},"author":2,"featured_media":0,"parent":0,"menu_order":0,"comment_status":"closed","ping_status":"open","template":"","meta":{"footnotes":""},"class_list":["post-3019","page","type-page","status-publish"],"yoast_head":"<!-- This site is optimized with the Yoast SEO plugin v23.2 - https:\/\/yoast.com\/wordpress\/plugins\/seo\/ -->\n<title>About this blog - Das Blog des ZETA-Vereins<\/title>\n<meta name=\"robots\" content=\"index, follow, max-snippet:-1, max-image-preview:large, max-video-preview:-1\" \/>\n<link rel=\"canonical\" href=\"https:\/\/blog.zeta-verein.de\/en\/about-this-blog\/\" \/>\n<meta property=\"og:locale\" content=\"en_US\" \/>\n<meta property=\"og:type\" content=\"article\" \/>\n<meta property=\"og:title\" content=\"About this blog - Das Blog des ZETA-Vereins\" \/>\n<meta property=\"og:description\" content=\"Welcome to the blog of the ZETA-Association ! This blog is a supplement to the homepage of the ZETA-association. Statementes here of the association are to be outsourced to current events, so that the website [...]\" \/>\n<meta property=\"og:url\" content=\"https:\/\/blog.zeta-verein.de\/en\/about-this-blog\/\" \/>\n<meta property=\"og:site_name\" content=\"Das Blog des ZETA-Vereins\" \/>\n<meta name=\"twitter:card\" content=\"summary_large_image\" \/>\n<meta name=\"twitter:label1\" content=\"Est. reading time\" \/>\n\t<meta name=\"twitter:data1\" content=\"1 minute\" \/>\n<script type=\"application\/ld+json\" class=\"yoast-schema-graph\">{\"@context\":\"https:\/\/schema.org\",\"@graph\":[{\"@type\":\"WebPage\",\"@id\":\"https:\/\/blog.zeta-verein.de\/en\/about-this-blog\/\",\"url\":\"https:\/\/blog.zeta-verein.de\/en\/about-this-blog\/\",\"name\":\"About this blog - Das Blog des ZETA-Vereins\",\"isPartOf\":{\"@id\":\"https:\/\/blog.zeta-verein.de\/#website\"},\"datePublished\":\"2015-12-25T23:21:31+00:00\",\"dateModified\":\"2015-12-25T23:21:31+00:00\",\"breadcrumb\":{\"@id\":\"https:\/\/blog.zeta-verein.de\/en\/about-this-blog\/#breadcrumb\"},\"inLanguage\":\"en-US\",\"potentialAction\":[{\"@type\":\"ReadAction\",\"target\":[\"https:\/\/blog.zeta-verein.de\/en\/about-this-blog\/\"]}]},{\"@type\":\"BreadcrumbList\",\"@id\":\"https:\/\/blog.zeta-verein.de\/en\/about-this-blog\/#breadcrumb\",\"itemListElement\":[{\"@type\":\"ListItem\",\"position\":1,\"name\":\"Startseite\",\"item\":\"https:\/\/blog.zeta-verein.de\/\"},{\"@type\":\"ListItem\",\"position\":2,\"name\":\"About this blog\"}]},{\"@type\":\"WebSite\",\"@id\":\"https:\/\/blog.zeta-verein.de\/#website\",\"url\":\"https:\/\/blog.zeta-verein.de\/\",\"name\":\"Das Blog des ZETA-Vereins\",\"description\":\"Zoophiles Engagement f\u00fcr Toleranz und Aufkl\u00e4rung\",\"potentialAction\":[{\"@type\":\"SearchAction\",\"target\":{\"@type\":\"EntryPoint\",\"urlTemplate\":\"https:\/\/blog.zeta-verein.de\/?s={search_term_string}\"},\"query-input\":\"required name=search_term_string\"}],\"inLanguage\":\"en-US\"}]}<\/script>\n<!-- \/ Yoast SEO plugin. -->","yoast_head_json":{"title":"About this blog - Das Blog des ZETA-Vereins","robots":{"index":"index","follow":"follow","max-snippet":"max-snippet:-1","max-image-preview":"max-image-preview:large","max-video-preview":"max-video-preview:-1"},"canonical":"https:\/\/blog.zeta-verein.de\/en\/about-this-blog\/","og_locale":"en_US","og_type":"article","og_title":"About this blog - Das Blog des ZETA-Vereins","og_description":"Welcome to the blog of the ZETA-Association ! This blog is a supplement to the homepage of the ZETA-association. Statementes here of the association are to be outsourced to current events, so that the website [...]","og_url":"https:\/\/blog.zeta-verein.de\/en\/about-this-blog\/","og_site_name":"Das Blog des ZETA-Vereins","twitter_card":"summary_large_image","twitter_misc":{"Est. reading time":"1 minute"},"schema":{"@context":"https:\/\/schema.org","@graph":[{"@type":"WebPage","@id":"https:\/\/blog.zeta-verein.de\/en\/about-this-blog\/","url":"https:\/\/blog.zeta-verein.de\/en\/about-this-blog\/","name":"About this blog - Das Blog des ZETA-Vereins","isPartOf":{"@id":"https:\/\/blog.zeta-verein.de\/#website"},"datePublished":"2015-12-25T23:21:31+00:00","dateModified":"2015-12-25T23:21:31+00:00","breadcrumb":{"@id":"https:\/\/blog.zeta-verein.de\/en\/about-this-blog\/#breadcrumb"},"inLanguage":"en-US","potentialAction":[{"@type":"ReadAction","target":["https:\/\/blog.zeta-verein.de\/en\/about-this-blog\/"]}]},{"@type":"BreadcrumbList","@id":"https:\/\/blog.zeta-verein.de\/en\/about-this-blog\/#breadcrumb","itemListElement":[{"@type":"ListItem","position":1,"name":"Startseite","item":"https:\/\/blog.zeta-verein.de\/"},{"@type":"ListItem","position":2,"name":"About this blog"}]},{"@type":"WebSite","@id":"https:\/\/blog.zeta-verein.de\/#website","url":"https:\/\/blog.zeta-verein.de\/","name":"Das Blog des ZETA-Vereins","description":"Zoophiles Engagement f\u00fcr Toleranz und Aufkl\u00e4rung","potentialAction":[{"@type":"SearchAction","target":{"@type":"EntryPoint","urlTemplate":"https:\/\/blog.zeta-verein.de\/?s={search_term_string}"},"query-input":"required name=search_term_string"}],"inLanguage":"en-US"}]}},"_links":{"self":[{"href":"https:\/\/blog.zeta-verein.de\/en\/wp-json\/wp\/v2\/pages\/3019"}],"collection":[{"href":"https:\/\/blog.zeta-verein.de\/en\/wp-json\/wp\/v2\/pages"}],"about":[{"href":"https:\/\/blog.zeta-verein.de\/en\/wp-json\/wp\/v2\/types\/page"}],"author":[{"embeddable":true,"href":"https:\/\/blog.zeta-verein.de\/en\/wp-json\/wp\/v2\/users\/2"}],"replies":[{"embeddable":true,"href":"https:\/\/blog.zeta-verein.de\/en\/wp-json\/wp\/v2\/comments?post=3019"}],"version-history":[{"count":1,"href":"https:\/\/blog.zeta-verein.de\/en\/wp-json\/wp\/v2\/pages\/3019\/revisions"}],"predecessor-version":[{"id":3023,"href":"https:\/\/blog.zeta-verein.de\/en\/wp-json\/wp\/v2\/pages\/3019\/revisions\/3023"}],"wp:attachment":[{"href":"https:\/\/blog.zeta-verein.de\/en\/wp-json\/wp\/v2\/media?parent=3019"}],"curies":[{"name":"wp","href":"https:\/\/api.w.org\/{rel}","templated":true}]}}