{"id":3020,"date":"2015-12-26T00:24:31","date_gmt":"2015-12-25T23:24:31","guid":{"rendered":"http:\/\/blog.zeta-verein.de\/en\/?page_id=3020"},"modified":"2015-12-26T00:24:31","modified_gmt":"2015-12-25T23:24:31","slug":"comments-and-moderation","status":"publish","type":"page","link":"https:\/\/blog.zeta-verein.de\/en\/comments-and-moderation\/","title":{"rendered":"Comments and Moderation"},"content":{"rendered":"<p><span id=\"result_box\" class=\"\" lang=\"en\"><span title=\"Sicherlich haben Sie bereits bemerkt, dass hier auf diesem Blog die M\u00f6glichkeit besteht, Artikel zu kommentieren.\">Surely you have already noticed that here it is possible on this blog, to comment on articles. <\/span><span title=\"Leider besteht - wie bei so vielen Dingen - die Gefahr, dass diese Funktion missbraucht wird.\">Unfortunately, there is &#8211; as with so many things &#8211; the risk that this function is being abused. <\/span><span title=\"Daher wird das Blog ab sofort von tigerlily und mir (David Zimmermann) moderiert.\">Therefore, the blog from now on will be moderated. <\/span><span title=\"Das hei\u00dft, die von den Lesern abgesendeten Kommentare sind zun\u00e4chst unsichtbar, bis sie von uns ggfs. freigeschaltet werden.\n\">That is, the notices dispatched by readers comments are initially invisible until you possibly from us. Be unlocked.<br \/>\n<\/span><span title=\"Im Zusammenhang mit der Kommentar-Funktion und unseren bisherigen Erfahrungen damit sahen wir uns allerdings gezwungen, einige Benimmregeln f\u00fcr ihre Benutzung aufzustellen.\">In connection with the comment function and our experience so that we found ourselves compelled, however, to set up some rules of conduct governing their use. <\/span><span title=\"Entsprechend dieser Regeln wird leider nicht jeder Kommentar freigeschaltet werden k\u00f6nnen, doch wir werden uns bem\u00fchen, alle bei uns eingehenden Kommentare zu bearbeiten und dabei f\u00fcr alle Beteiligten eine zufriedenstellende L\u00f6sung zu finden.\">According to these rules will unfortunately each comment can not be unlocked, but we will strive all incoming with us to edit comments and to find a satisfactory solution for all parties. <\/span><span title=\"Nicht freigeschaltete Kommentare werden wir beispielsweise per Mail beantworten.\n\n\">Not activated comments will be answered, for example, via e-mail.<\/p>\n<p><\/span><span title=\"Wir w\u00fcrden uns freuen, wenn alle Nutzer die folgenden Benimmregeln beachten.\n\n\u00a0\u00a0\u00a0\u00a0\">We would be delighted if all users adhere to the following rules of etiquette.<\/p>\n<p><\/span><span title=\"1. Beleidigungen und herablassende Kommentare werden nicht gedultet.\n\u00a0\u00a0\u00a0\u00a0\">1. insults and condescending comments are not gedultet.<br \/>\n<\/span><span title=\"2. Bitte bleiben Sie beim Thema!\n\u00a0\u00a0\u00a0\u00a0\">2. Please stay on topic!<br \/>\n<\/span><span title=\"Wenn Sie eine Stellungnahme des Vereins zu einem anderen Thema w\u00fcnschen, pers\u00f6nliche Fragen an den Autor richten m\u00f6chten oder generell Fragen oder Anregungen in Bezug auf das Blog, die Homepage oder den Verein haben, dann fragen Sie uns doch einfach \u00fcber unser Kontaktformular.\n\u00a0\u00a0\u00a0\u00a0\">If you want an opinion of the Association to another topic, would like to draw personal questions to the author or general questions or suggestions relating to the blog, the website or the club,\u00a0 ask us via our contact form.<br \/>\n<\/span><span title=\"3. Diskussionen sind einzuschr\u00e4nken!\">3. Discussions are limit! <\/span><span title=\"Ausufernde Diskussionen sind nach 2. sowieso kaum m\u00f6glich, aber wir m\u00f6chten hier auch keine Kindergarten-Komentare\n\u00a0\u00a0\u00a0\u00a0\">Sprawling discussions are after 2nd anyway hardly possible, but we would also find no Kindergarten Koment\u00e1?e<br \/>\n<\/span><span title=\"(JA...Nein...Doch...Stimmt ja wohl...Sind wir nicht...Bist du doch!)\n\u00a0\u00a0\u00a0\u00a0\">(Yes &#8230; No &#8230; But &#8230; Is probably &#8230; Are we not &#8230; you are!)<br \/>\n<\/span><span title=\"4. Bitte verzichten Sie auf Unterstellungen, Diskriminierungen, Vorw\u00fcrfe und Verd\u00e4chtigungen\n\u00a0\u00a0\u00a0\u00a0\">4. Please refrain from insinuations, discrimination, accusations and suspicions<br \/>\n<\/span><span title=\"(Tiersch\u00fctzer sind alle Kriminelle! \/ Zoophile sind alle Tierqu\u00e4ler!).\n\u00a0\u00a0\u00a0\u00a0\">(Animal rights activists are all criminals! \/ Zoophile all animal abusers!).<br \/>\n<\/span><span title=\"5. Das Moderatorenteam beh\u00e4lt sich das Recht vor, themenfremde Passagen, Beleidigungen usw. vor der Freischaltung aus den Kommentaren zu entfernen.\n\u00a0\u00a0\u00a0\u00a0\">5. The moderation team reserves the right, etc., before activation to remove off-topic passages, insults from the comments.<br \/>\n<\/span><span title=\"Selbstverst\u00e4ndlich werden wir dabei sorgsam darauf achten, die Aussage des Autors nicht zu verf\u00e4lschen.\">Of course, we are doing watch carefully not to distort the message of the author. <\/span><span title=\"Gestrichene Passagen werden von uns kenntlich gemacht.\">Deleted passages are made by us indicated.<\/span><\/span><\/p>\n<p>&nbsp;<\/p>\n","protected":false},"excerpt":{"rendered":"<div class=\"mh-excerpt\"><p>Surely you have already noticed that here it is possible on this blog, to comment on articles. Unfortunately, there is &#8211; as with so many things &#8211; the risk that this function is being abused. <a class=\"mh-excerpt-more\" href=\"https:\/\/blog.zeta-verein.de\/en\/comments-and-moderation\/\" title=\"Comments and Moderation\">[&#8230;]<\/a><\/p>\n<\/div>","protected":false},"author":2,"featured_media":0,"parent":0,"menu_order":3,"comment_status":"closed","ping_status":"open","template":"","meta":{"footnotes":""},"class_list":["post-3020","page","type-page","status-publish"],"yoast_head":"<!-- This site is optimized with the Yoast SEO plugin v23.2 - https:\/\/yoast.com\/wordpress\/plugins\/seo\/ -->\n<title>Comments and Moderation - Das Blog des ZETA-Vereins<\/title>\n<meta name=\"robots\" content=\"index, follow, max-snippet:-1, max-image-preview:large, max-video-preview:-1\" \/>\n<link rel=\"canonical\" href=\"https:\/\/blog.zeta-verein.de\/en\/comments-and-moderation\/\" \/>\n<meta property=\"og:locale\" content=\"en_US\" \/>\n<meta property=\"og:type\" content=\"article\" \/>\n<meta property=\"og:title\" content=\"Comments and Moderation - Das Blog des ZETA-Vereins\" \/>\n<meta property=\"og:description\" content=\"Surely you have already noticed that here it is possible on this blog, to comment on articles. Unfortunately, there is &#8211; as with so many things &#8211; the risk that this function is being abused. [...]\" \/>\n<meta property=\"og:url\" content=\"https:\/\/blog.zeta-verein.de\/en\/comments-and-moderation\/\" \/>\n<meta property=\"og:site_name\" content=\"Das Blog des ZETA-Vereins\" \/>\n<meta name=\"twitter:card\" content=\"summary_large_image\" \/>\n<meta name=\"twitter:label1\" content=\"Est. reading time\" \/>\n\t<meta name=\"twitter:data1\" content=\"1 minute\" \/>\n<script type=\"application\/ld+json\" class=\"yoast-schema-graph\">{\"@context\":\"https:\/\/schema.org\",\"@graph\":[{\"@type\":\"WebPage\",\"@id\":\"https:\/\/blog.zeta-verein.de\/en\/comments-and-moderation\/\",\"url\":\"https:\/\/blog.zeta-verein.de\/en\/comments-and-moderation\/\",\"name\":\"Comments and Moderation - Das Blog des ZETA-Vereins\",\"isPartOf\":{\"@id\":\"https:\/\/blog.zeta-verein.de\/#website\"},\"datePublished\":\"2015-12-25T23:24:31+00:00\",\"dateModified\":\"2015-12-25T23:24:31+00:00\",\"breadcrumb\":{\"@id\":\"https:\/\/blog.zeta-verein.de\/en\/comments-and-moderation\/#breadcrumb\"},\"inLanguage\":\"en-US\",\"potentialAction\":[{\"@type\":\"ReadAction\",\"target\":[\"https:\/\/blog.zeta-verein.de\/en\/comments-and-moderation\/\"]}]},{\"@type\":\"BreadcrumbList\",\"@id\":\"https:\/\/blog.zeta-verein.de\/en\/comments-and-moderation\/#breadcrumb\",\"itemListElement\":[{\"@type\":\"ListItem\",\"position\":1,\"name\":\"Startseite\",\"item\":\"https:\/\/blog.zeta-verein.de\/\"},{\"@type\":\"ListItem\",\"position\":2,\"name\":\"Comments and Moderation\"}]},{\"@type\":\"WebSite\",\"@id\":\"https:\/\/blog.zeta-verein.de\/#website\",\"url\":\"https:\/\/blog.zeta-verein.de\/\",\"name\":\"Das Blog des ZETA-Vereins\",\"description\":\"Zoophiles Engagement f\u00fcr Toleranz und Aufkl\u00e4rung\",\"potentialAction\":[{\"@type\":\"SearchAction\",\"target\":{\"@type\":\"EntryPoint\",\"urlTemplate\":\"https:\/\/blog.zeta-verein.de\/?s={search_term_string}\"},\"query-input\":\"required name=search_term_string\"}],\"inLanguage\":\"en-US\"}]}<\/script>\n<!-- \/ Yoast SEO plugin. -->","yoast_head_json":{"title":"Comments and Moderation - Das Blog des ZETA-Vereins","robots":{"index":"index","follow":"follow","max-snippet":"max-snippet:-1","max-image-preview":"max-image-preview:large","max-video-preview":"max-video-preview:-1"},"canonical":"https:\/\/blog.zeta-verein.de\/en\/comments-and-moderation\/","og_locale":"en_US","og_type":"article","og_title":"Comments and Moderation - Das Blog des ZETA-Vereins","og_description":"Surely you have already noticed that here it is possible on this blog, to comment on articles. Unfortunately, there is &#8211; as with so many things &#8211; the risk that this function is being abused. [...]","og_url":"https:\/\/blog.zeta-verein.de\/en\/comments-and-moderation\/","og_site_name":"Das Blog des ZETA-Vereins","twitter_card":"summary_large_image","twitter_misc":{"Est. reading time":"1 minute"},"schema":{"@context":"https:\/\/schema.org","@graph":[{"@type":"WebPage","@id":"https:\/\/blog.zeta-verein.de\/en\/comments-and-moderation\/","url":"https:\/\/blog.zeta-verein.de\/en\/comments-and-moderation\/","name":"Comments and Moderation - Das Blog des ZETA-Vereins","isPartOf":{"@id":"https:\/\/blog.zeta-verein.de\/#website"},"datePublished":"2015-12-25T23:24:31+00:00","dateModified":"2015-12-25T23:24:31+00:00","breadcrumb":{"@id":"https:\/\/blog.zeta-verein.de\/en\/comments-and-moderation\/#breadcrumb"},"inLanguage":"en-US","potentialAction":[{"@type":"ReadAction","target":["https:\/\/blog.zeta-verein.de\/en\/comments-and-moderation\/"]}]},{"@type":"BreadcrumbList","@id":"https:\/\/blog.zeta-verein.de\/en\/comments-and-moderation\/#breadcrumb","itemListElement":[{"@type":"ListItem","position":1,"name":"Startseite","item":"https:\/\/blog.zeta-verein.de\/"},{"@type":"ListItem","position":2,"name":"Comments and Moderation"}]},{"@type":"WebSite","@id":"https:\/\/blog.zeta-verein.de\/#website","url":"https:\/\/blog.zeta-verein.de\/","name":"Das Blog des ZETA-Vereins","description":"Zoophiles Engagement f\u00fcr Toleranz und Aufkl\u00e4rung","potentialAction":[{"@type":"SearchAction","target":{"@type":"EntryPoint","urlTemplate":"https:\/\/blog.zeta-verein.de\/?s={search_term_string}"},"query-input":"required name=search_term_string"}],"inLanguage":"en-US"}]}},"_links":{"self":[{"href":"https:\/\/blog.zeta-verein.de\/en\/wp-json\/wp\/v2\/pages\/3020"}],"collection":[{"href":"https:\/\/blog.zeta-verein.de\/en\/wp-json\/wp\/v2\/pages"}],"about":[{"href":"https:\/\/blog.zeta-verein.de\/en\/wp-json\/wp\/v2\/types\/page"}],"author":[{"embeddable":true,"href":"https:\/\/blog.zeta-verein.de\/en\/wp-json\/wp\/v2\/users\/2"}],"replies":[{"embeddable":true,"href":"https:\/\/blog.zeta-verein.de\/en\/wp-json\/wp\/v2\/comments?post=3020"}],"version-history":[{"count":1,"href":"https:\/\/blog.zeta-verein.de\/en\/wp-json\/wp\/v2\/pages\/3020\/revisions"}],"predecessor-version":[{"id":3024,"href":"https:\/\/blog.zeta-verein.de\/en\/wp-json\/wp\/v2\/pages\/3020\/revisions\/3024"}],"wp:attachment":[{"href":"https:\/\/blog.zeta-verein.de\/en\/wp-json\/wp\/v2\/media?parent=3020"}],"curies":[{"name":"wp","href":"https:\/\/api.w.org\/{rel}","templated":true}]}}